{"id":14859,"date":"2025-08-29T11:01:46","date_gmt":"2025-08-29T15:01:46","guid":{"rendered":"https:\/\/fondationtrudeau.solutionsnuagiques.com\/?page_id=14859"},"modified":"2025-11-18T11:34:30","modified_gmt":"2025-11-18T16:34:30","slug":"wendell-nii-laryea-adjetey","status":"publish","type":"page","link":"https:\/\/fondationtrudeau.solutionsnuagiques.com\/en\/foundation-members\/wendell-nii-laryea-adjetey\/","title":{"rendered":"Wendell Nii Laryea Adjetey"},"content":{"rendered":"\t\t<div data-elementor-type=\"wp-page\" data-elementor-id=\"14859\" class=\"elementor elementor-14859 elementor-14858\">\n\t\t\t\t<div class=\"elementor-element elementor-element-fbb0d67 e-flex e-con-boxed parallax_section_no qode_elementor_container_no e-con e-parent\" data-id=\"fbb0d67\" data-element_type=\"container\" data-settings=\"{&quot;background_background&quot;:&quot;classic&quot;}\">\n\t\t\t\t\t<div class=\"e-con-inner\">\n\t\t<div class=\"elementor-element elementor-element-6afafaf e-con-full e-flex parallax_section_no qode_elementor_container_no e-con e-child\" data-id=\"6afafaf\" data-element_type=\"container\">\n\t\t\t\t<div class=\"elementor-element elementor-element-2479f36 elementor-widget elementor-widget-bridge_icon\" data-id=\"2479f36\" data-element_type=\"widget\" data-widget_type=\"bridge_icon.default\">\n\t\t\t\t<div class=\"elementor-widget-container\">\n\t\t\t\t\t<span data-type=\"normal\"  class=\"qode_icon_shortcode  q_font_awsome_icon fa-lg pull-left \" style=\" \"><span aria-hidden=\"true\" class=\"qode_icon_font_elegant icon_circle-empty qode_icon_element\" style=\"font-size: 12px;color: #EC0808;\" ><\/span><\/span>\t\t\t\t<\/div>\n\t\t\t\t<\/div>\n\t\t\t\t<div class=\"elementor-element elementor-element-6713c25 elementor-widget elementor-widget-bridge_custom_font\" data-id=\"6713c25\" data-element_type=\"widget\" data-widget_type=\"bridge_custom_font.default\">\n\t\t\t\t<div class=\"elementor-widget-container\">\n\t\t\t\t\t<div class=\"custom_font_holder \" style=\"font-family: Open sans; font-style: normal; font-weight: 700; color: #EC0808; text-decoration: none; letter-spacing: 1px; text-align: left; --qode-cf-font-size: 15px; --qode-cf-line-height: 22px; --qode-cf-font-size-1440: 15px; --qode-cf-line-height-1440: 22px; --qode-cf-font-size-1366: 15px; --qode-cf-line-height-1366: 22px; --qode-cf-font-size-1280: 15px; --qode-cf-line-height-1280: 22px; --qode-cf-font-size-1024: 15px; --qode-cf-line-height-1024: 22px; --qode-cf-font-size-768: 15px; --qode-cf-line-height-768: 22px; --qode-cf-font-size-680: 15px; --qode-cf-line-height-680: 22px; --qode-cf-font-size-480: 15px; --qode-cf-line-height-480: 22px;\">ABOUT US<\/div>\t\t\t\t<\/div>\n\t\t\t\t<\/div>\n\t\t\t\t<\/div>\n\t\t\t\t<div class=\"elementor-element elementor-element-b149170 elementor-widget__width-initial elementor-widget elementor-widget-heading\" data-id=\"b149170\" data-element_type=\"widget\" data-widget_type=\"heading.default\">\n\t\t\t\t<div class=\"elementor-widget-container\">\n\t\t\t\t\t<h1 class=\"elementor-heading-title elementor-size-default\">Foundation members<\/h1>\t\t\t\t<\/div>\n\t\t\t\t<\/div>\n\t\t\t\t\t<\/div>\n\t\t\t\t<\/div>\n\t\t<div class=\"elementor-element elementor-element-8acf519 e-flex e-con-boxed parallax_section_no qode_elementor_container_no e-con e-parent\" data-id=\"8acf519\" data-element_type=\"container\">\n\t\t\t\t\t<div class=\"e-con-inner\">\n\t\t<div class=\"elementor-element elementor-element-86b301a e-con-full e-flex parallax_section_no qode_elementor_container_no e-con e-child\" data-id=\"86b301a\" data-element_type=\"container\">\n\t\t\t\t<div class=\"elementor-element elementor-element-6987b61 elementor-widget elementor-widget-image\" data-id=\"6987b61\" data-element_type=\"widget\" data-widget_type=\"image.default\">\n\t\t\t\t<div class=\"elementor-widget-container\">\n\t\t\t\t\t\t\t\t\t\t\t\t\t\t\t<img fetchpriority=\"high\" decoding=\"async\" width=\"1024\" height=\"1024\" src=\"https:\/\/fondationtrudeau.solutionsnuagiques.com\/wp-content\/uploads\/2025\/04\/fondation-pe-trudeau_membre-fondation_wendell-adjetey_1200x1200-1024x1024.jpg\" class=\"attachment-large size-large wp-image-12199\" alt=\"\" srcset=\"https:\/\/fondationtrudeau.solutionsnuagiques.com\/wp-content\/uploads\/2025\/04\/fondation-pe-trudeau_membre-fondation_wendell-adjetey_1200x1200-1024x1024.jpg 1024w, https:\/\/fondationtrudeau.solutionsnuagiques.com\/wp-content\/uploads\/2025\/04\/fondation-pe-trudeau_membre-fondation_wendell-adjetey_1200x1200-300x300.jpg 300w, https:\/\/fondationtrudeau.solutionsnuagiques.com\/wp-content\/uploads\/2025\/04\/fondation-pe-trudeau_membre-fondation_wendell-adjetey_1200x1200-150x150.jpg 150w, https:\/\/fondationtrudeau.solutionsnuagiques.com\/wp-content\/uploads\/2025\/04\/fondation-pe-trudeau_membre-fondation_wendell-adjetey_1200x1200-768x768.jpg 768w, https:\/\/fondationtrudeau.solutionsnuagiques.com\/wp-content\/uploads\/2025\/04\/fondation-pe-trudeau_membre-fondation_wendell-adjetey_1200x1200-570x570.jpg 570w, https:\/\/fondationtrudeau.solutionsnuagiques.com\/wp-content\/uploads\/2025\/04\/fondation-pe-trudeau_membre-fondation_wendell-adjetey_1200x1200-500x500.jpg 500w, https:\/\/fondationtrudeau.solutionsnuagiques.com\/wp-content\/uploads\/2025\/04\/fondation-pe-trudeau_membre-fondation_wendell-adjetey_1200x1200-1000x1000.jpg 1000w, https:\/\/fondationtrudeau.solutionsnuagiques.com\/wp-content\/uploads\/2025\/04\/fondation-pe-trudeau_membre-fondation_wendell-adjetey_1200x1200-700x700.jpg 700w, https:\/\/fondationtrudeau.solutionsnuagiques.com\/wp-content\/uploads\/2025\/04\/fondation-pe-trudeau_membre-fondation_wendell-adjetey_1200x1200-650x650.jpg 650w, https:\/\/fondationtrudeau.solutionsnuagiques.com\/wp-content\/uploads\/2025\/04\/fondation-pe-trudeau_membre-fondation_wendell-adjetey_1200x1200.jpg 1200w\" sizes=\"(max-width: 1024px) 100vw, 1024px\" \/>\t\t\t\t\t\t\t\t\t\t\t\t\t\t\t<\/div>\n\t\t\t\t<\/div>\n\t\t\t\t<\/div>\n\t\t<div class=\"elementor-element elementor-element-acc1334 e-con-full e-flex parallax_section_no qode_elementor_container_no e-con e-child\" data-id=\"acc1334\" data-element_type=\"container\">\n\t\t\t\t<div class=\"elementor-element elementor-element-dfd5466 elementor-widget elementor-widget-heading\" data-id=\"dfd5466\" data-element_type=\"widget\" data-widget_type=\"heading.default\">\n\t\t\t\t<div class=\"elementor-widget-container\">\n\t\t\t\t\t<h3 class=\"elementor-heading-title elementor-size-default\">Wendell Nii Laryea Adjetey<\/h3>\t\t\t\t<\/div>\n\t\t\t\t<\/div>\n\t\t\t\t<div class=\"elementor-element elementor-element-fc5859f elementor-widget elementor-widget-text-editor\" data-id=\"fc5859f\" data-element_type=\"widget\" data-widget_type=\"text-editor.default\">\n\t\t\t\t<div class=\"elementor-widget-container\">\n\t\t\t\t\t\t\t\t\t<p><a href=\"https:\/\/fondationtrudeau.solutionsnuagiques.com\/wp-content\/uploads\/2025\/08\/adjetey_mcgill_welcome.pdf\" target=\"_blank\" rel=\"noopener\"><strong>Wendell Nii Laryea Adjetey<\/strong><\/a> (Nii Laryea Osabu I, Atr\u00e9kor W\u00e9 Oblahii k\u00e8 Oblay\u00e9\u00e9 Mants\u00e8) is Associate Professor of post-Reconstruction U.S. and African Diaspora history and William Dawson Chair.<\/p><p>Dr. Adjetey is working on his second and third book projects on warfare and African-led abolitionism on the Gulf of Guinea Coast, and revolutionary Black organizing and state repression in the United States and Americas, respectively.<\/p><p>Dr. Adjetey\u2019s first monograph is<a href=\"https:\/\/uncpress.org\/9781469672113\/cross-border-cosmopolitans\/\" target=\"_blank\" rel=\"noopener\"><em><strong> Cross-Border Cosmopolitans: The Making of a Pan-African North America<\/strong><\/em><\/a> (UNC Press, Jan. 2023). It situates fundamental questions of twentieth-century U.S. history\u2014immigration, civil rights, racial identity, revolution, counter-revolution, imperialism, and neo-colonialism\u2014within a diasporic North American and transatlantic frame. Cross-Border Cosmopolitans is the 2024 winner of the Canadian Historical Association&#8217;s Best Scholarly Book in Canadian History Prize, which is awarded to a &#8220;work of history judged to have made the most significant contribution to an understanding of the Canadian past.&#8221; It earned Honourable Mention from the Organization of American Historians for its Frederick Jackson Turner Prize, which is given to the best book in American history by a first-time author. It was Finalist for the Association for the Study of African American Life and History Book Prize, and designated one of the &#8220;Best Black History Books of 2023&#8221; by the African American Intellectual History Society.<\/p><p>Cross-Border Cosmopolitans is the result of a major transformation of Dr. Adjetey\u2019s Ph.D. dissertation, which won Yale University\u2019s Edwin M. Small Prize for \u201coutstanding\u201d contribution to U.S. history, Sylvia Ardyn Boone Prize for African American Studies, the Canadian Studies Prize, and the Willard \u201cWoody\u201d Brittain, Jr. Award.<\/p><p>Dr. Adjetey is as dedicated to teaching as he is to research. He is the recipient of McGill University&#8217;s <a href=\"https:\/\/www.mcgill.ca\/arts\/article\/professor-wendell-adjetey-awarded-h-noel-fieldhouse-award-distinguished-teaching\" target=\"_blank\" rel=\"noopener\"><strong>H. Noel Fieldhouse Award for Distinguished Teaching<\/strong><\/a>, and <a href=\"https:\/\/reporter.mcgill.ca\/wendell-nii-laryea-adjetey\/\" target=\"_blank\" rel=\"noopener\"><strong>the Principal&#8217;s Prize for Excellence in Teaching<\/strong><\/a>. His undergraduate lecture courses and seminars cover U.S., African American, African Canadian, African Diaspora, and global history. He offers graduate seminars on various topics.<\/p><p>An active member of and contributor to several North American historical associations, Dr. Adjetey shares his expertise broadly in service of the profession, including in civil society, where he is a sought after expert in legal proceedings involving African peoples and their justice claims. He has many years of experience as Director on multiple Boards that promote peace-building and equitable educational access, pluralism and impact investing, forestation and poverty alleviation, among other causes, in North America and Africa. He remains a committed public intellectual and frequent contributor to civic discourse, writing many op-eds for periodicals, such as The Washington Post, Globe and Mail, Toronto Star, Walrus, and more. Before pursuing an academic career, Dr. Adjetey worked in youth gang prevention and intervention in north Toronto and in similar capacities to help Black youth, especially boys and young men, gain a healthy sense of self through an understanding of the African past<\/p>\t\t\t\t\t\t\t\t<\/div>\n\t\t\t\t<\/div>\n\t\t\t\t<\/div>\n\t\t\t\t\t<\/div>\n\t\t\t\t<\/div>\n\t\t\t\t<\/div>\n\t\t","protected":false},"excerpt":{"rendered":"<p>ABOUT US Foundation members Wendell Nii Laryea Adjetey Wendell Nii Laryea Adjetey (Nii Laryea Osabu I, Atr\u00e9kor W\u00e9 Oblahii k\u00e8 Oblay\u00e9\u00e9 Mants\u00e8) is Associate Professor of post-Reconstruction U.S. and African Diaspora history and William Dawson Chair. Dr. Adjetey is working on his second and third...<\/p>\n","protected":false},"author":1,"featured_media":0,"parent":13024,"menu_order":0,"comment_status":"closed","ping_status":"closed","template":"full_width.php","meta":{"_acf_changed":false,"footnotes":""},"class_list":["post-14859","page","type-page","status-publish","hentry"],"acf":[],"yoast_head":"<!-- This site is optimized with the Yoast SEO plugin v24.8.1 - https:\/\/yoast.com\/wordpress\/plugins\/seo\/ -->\n<title>Wendell Nii Laryea Adjetey - Fondation Pierre Elliott Trudeau<\/title>\n<meta name=\"robots\" content=\"noindex, follow, max-snippet:-1, max-image-preview:large, max-video-preview:-1\" \/>\n<meta property=\"og:locale\" content=\"en_US\" \/>\n<meta property=\"og:type\" content=\"article\" \/>\n<meta property=\"og:title\" content=\"Wendell Nii Laryea Adjetey - Fondation Pierre Elliott Trudeau\" \/>\n<meta property=\"og:description\" content=\"ABOUT US Foundation members Wendell Nii Laryea Adjetey Wendell Nii Laryea Adjetey (Nii Laryea Osabu I, Atr\u00e9kor W\u00e9 Oblahii k\u00e8 Oblay\u00e9\u00e9 Mants\u00e8) is Associate Professor of post-Reconstruction U.S. and African Diaspora history and William Dawson Chair. Dr. Adjetey is working on his second and third...\" \/>\n<meta property=\"og:url\" content=\"https:\/\/fondationtrudeau.solutionsnuagiques.com\/en\/foundation-members\/wendell-nii-laryea-adjetey\/\" \/>\n<meta property=\"og:site_name\" content=\"Fondation Pierre Elliott Trudeau\" \/>\n<meta property=\"article:modified_time\" content=\"2025-11-18T16:34:30+00:00\" \/>\n<meta property=\"og:image\" content=\"https:\/\/fondationtrudeau.solutionsnuagiques.com\/wp-content\/uploads\/2025\/04\/fondation-pe-trudeau_membre-fondation_wendell-adjetey_1200x1200.jpg\" \/>\n\t<meta property=\"og:image:width\" content=\"1200\" \/>\n\t<meta property=\"og:image:height\" content=\"1200\" \/>\n\t<meta property=\"og:image:type\" content=\"image\/jpeg\" \/>\n<meta name=\"twitter:card\" content=\"summary_large_image\" \/>\n<meta name=\"twitter:label1\" content=\"Est. reading time\" \/>\n\t<meta name=\"twitter:data1\" content=\"3 minutes\" \/>\n<script type=\"application\/ld+json\" class=\"yoast-schema-graph\">{\"@context\":\"https:\/\/schema.org\",\"@graph\":[{\"@type\":\"WebPage\",\"@id\":\"https:\/\/fondationtrudeau.solutionsnuagiques.com\/en\/foundation-members\/wendell-nii-laryea-adjetey\/\",\"url\":\"https:\/\/fondationtrudeau.solutionsnuagiques.com\/en\/foundation-members\/wendell-nii-laryea-adjetey\/\",\"name\":\"Wendell Nii Laryea Adjetey - Fondation Pierre Elliott Trudeau\",\"isPartOf\":{\"@id\":\"https:\/\/fondationtrudeau.solutionsnuagiques.com\/#website\"},\"primaryImageOfPage\":{\"@id\":\"https:\/\/fondationtrudeau.solutionsnuagiques.com\/en\/foundation-members\/wendell-nii-laryea-adjetey\/#primaryimage\"},\"image\":{\"@id\":\"https:\/\/fondationtrudeau.solutionsnuagiques.com\/en\/foundation-members\/wendell-nii-laryea-adjetey\/#primaryimage\"},\"thumbnailUrl\":\"https:\/\/fondationtrudeau.solutionsnuagiques.com\/wp-content\/uploads\/2025\/04\/fondation-pe-trudeau_membre-fondation_wendell-adjetey_1200x1200-1024x1024.jpg\",\"datePublished\":\"2025-08-29T15:01:46+00:00\",\"dateModified\":\"2025-11-18T16:34:30+00:00\",\"breadcrumb\":{\"@id\":\"https:\/\/fondationtrudeau.solutionsnuagiques.com\/en\/foundation-members\/wendell-nii-laryea-adjetey\/#breadcrumb\"},\"inLanguage\":\"en-US\",\"potentialAction\":[{\"@type\":\"ReadAction\",\"target\":[\"https:\/\/fondationtrudeau.solutionsnuagiques.com\/en\/foundation-members\/wendell-nii-laryea-adjetey\/\"]}]},{\"@type\":\"ImageObject\",\"inLanguage\":\"en-US\",\"@id\":\"https:\/\/fondationtrudeau.solutionsnuagiques.com\/en\/foundation-members\/wendell-nii-laryea-adjetey\/#primaryimage\",\"url\":\"https:\/\/fondationtrudeau.solutionsnuagiques.com\/wp-content\/uploads\/2025\/04\/fondation-pe-trudeau_membre-fondation_wendell-adjetey_1200x1200-1024x1024.jpg\",\"contentUrl\":\"https:\/\/fondationtrudeau.solutionsnuagiques.com\/wp-content\/uploads\/2025\/04\/fondation-pe-trudeau_membre-fondation_wendell-adjetey_1200x1200-1024x1024.jpg\"},{\"@type\":\"BreadcrumbList\",\"@id\":\"https:\/\/fondationtrudeau.solutionsnuagiques.com\/en\/foundation-members\/wendell-nii-laryea-adjetey\/#breadcrumb\",\"itemListElement\":[{\"@type\":\"ListItem\",\"position\":1,\"name\":\"Accueil\",\"item\":\"https:\/\/fondationtrudeau.solutionsnuagiques.com\/\"},{\"@type\":\"ListItem\",\"position\":2,\"name\":\"Foundation Members\",\"item\":\"https:\/\/fondationtrudeau.solutionsnuagiques.com\/en\/foundation-members\/\"},{\"@type\":\"ListItem\",\"position\":3,\"name\":\"Wendell Nii Laryea Adjetey\"}]},{\"@type\":\"WebSite\",\"@id\":\"https:\/\/fondationtrudeau.solutionsnuagiques.com\/#website\",\"url\":\"https:\/\/fondationtrudeau.solutionsnuagiques.com\/\",\"name\":\"Fondation Pierre Elliott Trudeau\",\"description\":\"\",\"potentialAction\":[{\"@type\":\"SearchAction\",\"target\":{\"@type\":\"EntryPoint\",\"urlTemplate\":\"https:\/\/fondationtrudeau.solutionsnuagiques.com\/?s={search_term_string}\"},\"query-input\":{\"@type\":\"PropertyValueSpecification\",\"valueRequired\":true,\"valueName\":\"search_term_string\"}}],\"inLanguage\":\"en-US\"}]}<\/script>\n<!-- \/ Yoast SEO plugin. -->","yoast_head_json":{"title":"Wendell Nii Laryea Adjetey - Fondation Pierre Elliott Trudeau","robots":{"index":"noindex","follow":"follow","max-snippet":"max-snippet:-1","max-image-preview":"max-image-preview:large","max-video-preview":"max-video-preview:-1"},"og_locale":"en_US","og_type":"article","og_title":"Wendell Nii Laryea Adjetey - Fondation Pierre Elliott Trudeau","og_description":"ABOUT US Foundation members Wendell Nii Laryea Adjetey Wendell Nii Laryea Adjetey (Nii Laryea Osabu I, Atr\u00e9kor W\u00e9 Oblahii k\u00e8 Oblay\u00e9\u00e9 Mants\u00e8) is Associate Professor of post-Reconstruction U.S. and African Diaspora history and William Dawson Chair. Dr. Adjetey is working on his second and third...","og_url":"https:\/\/fondationtrudeau.solutionsnuagiques.com\/en\/foundation-members\/wendell-nii-laryea-adjetey\/","og_site_name":"Fondation Pierre Elliott Trudeau","article_modified_time":"2025-11-18T16:34:30+00:00","og_image":[{"width":1200,"height":1200,"url":"https:\/\/fondationtrudeau.solutionsnuagiques.com\/wp-content\/uploads\/2025\/04\/fondation-pe-trudeau_membre-fondation_wendell-adjetey_1200x1200.jpg","type":"image\/jpeg"}],"twitter_card":"summary_large_image","twitter_misc":{"Est. reading time":"3 minutes"},"schema":{"@context":"https:\/\/schema.org","@graph":[{"@type":"WebPage","@id":"https:\/\/fondationtrudeau.solutionsnuagiques.com\/en\/foundation-members\/wendell-nii-laryea-adjetey\/","url":"https:\/\/fondationtrudeau.solutionsnuagiques.com\/en\/foundation-members\/wendell-nii-laryea-adjetey\/","name":"Wendell Nii Laryea Adjetey - Fondation Pierre Elliott Trudeau","isPartOf":{"@id":"https:\/\/fondationtrudeau.solutionsnuagiques.com\/#website"},"primaryImageOfPage":{"@id":"https:\/\/fondationtrudeau.solutionsnuagiques.com\/en\/foundation-members\/wendell-nii-laryea-adjetey\/#primaryimage"},"image":{"@id":"https:\/\/fondationtrudeau.solutionsnuagiques.com\/en\/foundation-members\/wendell-nii-laryea-adjetey\/#primaryimage"},"thumbnailUrl":"https:\/\/fondationtrudeau.solutionsnuagiques.com\/wp-content\/uploads\/2025\/04\/fondation-pe-trudeau_membre-fondation_wendell-adjetey_1200x1200-1024x1024.jpg","datePublished":"2025-08-29T15:01:46+00:00","dateModified":"2025-11-18T16:34:30+00:00","breadcrumb":{"@id":"https:\/\/fondationtrudeau.solutionsnuagiques.com\/en\/foundation-members\/wendell-nii-laryea-adjetey\/#breadcrumb"},"inLanguage":"en-US","potentialAction":[{"@type":"ReadAction","target":["https:\/\/fondationtrudeau.solutionsnuagiques.com\/en\/foundation-members\/wendell-nii-laryea-adjetey\/"]}]},{"@type":"ImageObject","inLanguage":"en-US","@id":"https:\/\/fondationtrudeau.solutionsnuagiques.com\/en\/foundation-members\/wendell-nii-laryea-adjetey\/#primaryimage","url":"https:\/\/fondationtrudeau.solutionsnuagiques.com\/wp-content\/uploads\/2025\/04\/fondation-pe-trudeau_membre-fondation_wendell-adjetey_1200x1200-1024x1024.jpg","contentUrl":"https:\/\/fondationtrudeau.solutionsnuagiques.com\/wp-content\/uploads\/2025\/04\/fondation-pe-trudeau_membre-fondation_wendell-adjetey_1200x1200-1024x1024.jpg"},{"@type":"BreadcrumbList","@id":"https:\/\/fondationtrudeau.solutionsnuagiques.com\/en\/foundation-members\/wendell-nii-laryea-adjetey\/#breadcrumb","itemListElement":[{"@type":"ListItem","position":1,"name":"Accueil","item":"https:\/\/fondationtrudeau.solutionsnuagiques.com\/"},{"@type":"ListItem","position":2,"name":"Foundation Members","item":"https:\/\/fondationtrudeau.solutionsnuagiques.com\/en\/foundation-members\/"},{"@type":"ListItem","position":3,"name":"Wendell Nii Laryea Adjetey"}]},{"@type":"WebSite","@id":"https:\/\/fondationtrudeau.solutionsnuagiques.com\/#website","url":"https:\/\/fondationtrudeau.solutionsnuagiques.com\/","name":"Fondation Pierre Elliott Trudeau","description":"","potentialAction":[{"@type":"SearchAction","target":{"@type":"EntryPoint","urlTemplate":"https:\/\/fondationtrudeau.solutionsnuagiques.com\/?s={search_term_string}"},"query-input":{"@type":"PropertyValueSpecification","valueRequired":true,"valueName":"search_term_string"}}],"inLanguage":"en-US"}]}},"_links":{"self":[{"href":"https:\/\/fondationtrudeau.solutionsnuagiques.com\/en\/wp-json\/wp\/v2\/pages\/14859","targetHints":{"allow":["GET"]}}],"collection":[{"href":"https:\/\/fondationtrudeau.solutionsnuagiques.com\/en\/wp-json\/wp\/v2\/pages"}],"about":[{"href":"https:\/\/fondationtrudeau.solutionsnuagiques.com\/en\/wp-json\/wp\/v2\/types\/page"}],"author":[{"embeddable":true,"href":"https:\/\/fondationtrudeau.solutionsnuagiques.com\/en\/wp-json\/wp\/v2\/users\/1"}],"replies":[{"embeddable":true,"href":"https:\/\/fondationtrudeau.solutionsnuagiques.com\/en\/wp-json\/wp\/v2\/comments?post=14859"}],"version-history":[{"count":14,"href":"https:\/\/fondationtrudeau.solutionsnuagiques.com\/en\/wp-json\/wp\/v2\/pages\/14859\/revisions"}],"predecessor-version":[{"id":21476,"href":"https:\/\/fondationtrudeau.solutionsnuagiques.com\/en\/wp-json\/wp\/v2\/pages\/14859\/revisions\/21476"}],"up":[{"embeddable":true,"href":"https:\/\/fondationtrudeau.solutionsnuagiques.com\/en\/wp-json\/wp\/v2\/pages\/13024"}],"wp:attachment":[{"href":"https:\/\/fondationtrudeau.solutionsnuagiques.com\/en\/wp-json\/wp\/v2\/media?parent=14859"}],"curies":[{"name":"wp","href":"https:\/\/api.w.org\/{rel}","templated":true}]}}